{"id":578,"date":"2021-04-15T12:22:14","date_gmt":"2021-04-15T10:22:14","guid":{"rendered":"https:\/\/kpi-consult-staudinger.com\/?page_id=578"},"modified":"2025-05-05T12:42:08","modified_gmt":"2025-05-05T10:42:08","slug":"branchen-2021","status":"publish","type":"page","link":"https:\/\/kpi-consult-staudinger.com\/de\/branchen-2021\/","title":{"rendered":"Branchen"},"content":{"rendered":"<div class=\"wpb-content-wrapper\"><p>[vc_row css=&#8220;.vc_custom_1613576156710{padding-bottom: 50px !important;background-color: #ffffff !important;}&#8220;][vc_column]<style>.ld_tabs_69e8d3f577ee6 .tabs-nav > li > a{font-size:16px;font-weight:400;color:rgb(112, 111, 111);}.ld_tabs_69e8d3f577ee6 .tabs-nav > li.active > a, .ld_tabs_69e8d3f577ee6 .tabs-nav > li:hover > a{color:#383636;}.ld_tabs_69e8d3f577ee6.tabs-nav-active-underlined .tabs-nav > li:after{background:rgb(174, 14, 22);}.ld_tabs_69e8d3f577ee6 .tabs-nav{border-color:rgb(255, 255, 255);}<\/style><div class=\"tabs tabs-nav-justified tabs-nav-underlined tabs-nav-active-underlined ld_tabs_69e8d3f577ee6\" data-plugin-options='{ \"deepLink\": true  }'>\n\t<ul class=\"nav tabs-nav\" role=\"tablist\"><li role=\"presentation\" class=\"h5 active\"><a href=\"#tab-shk\" aria-expanded=\"false\" aria-controls=\"tab-shk\" role=\"tab\" data-toggle=\"tab\">Wir liefern tiefe Marktexpertise \u2013 durch Spezialisierung auf genau eine Branche.<\/a><\/li><\/ul>\t<div class=\"tabs-content\"><div id=\"tab-shk\" role=\"tabpanel\" class=\"tabs-pane fade active in\"><p>[vc_row_inner content_placement=&#8220;middle&#8220;][vc_column_inner][vc_single_image image=&#8220;159&#8243; img_size=&#8220;full&#8220; css_animation=&#8220;fadeIn&#8220;][\/vc_column_inner][\/vc_row_inner][vc_row_inner equal_height=&#8220;yes&#8220; content_placement=&#8220;top&#8220; gap=&#8220;20&#8243;][vc_column_inner width=&#8220;1\/2&#8243; css=&#8220;.vc_custom_1618481975082{background-color: #ffffff !important;}&#8220;][vc_column_text css=&#8220;&#8220;]<\/p>\n<h2><span style=\"color: #383636;\">100 % Geb\u00e4ude- und Energietechnik<\/span><\/h2>\n<p>Die Bauzulieferindustrie in Deutschland ist traditionell gepr\u00e4gt durch eine starke Verbindung mit dem verarbeitenden Fachhandwerk. Besonders im Bereich Sanit\u00e4r\/Heizung\/Klima, aber auch in der L\u00fcftungs- und K\u00e4ltetechnik, herrschen 2- und 3-stufige Vertriebsmodelle zumindest im kleinen Leistungsbereich vor. Einen geringen Anteil nimmt der DIY-Bereich ein, einen steigenden Anteil der Online-Handel, speziell im Sanit\u00e4r-Umfeld.[\/vc_column_text]<style>.ld_spacer_69e8d3f577d9f{height:60px;}<\/style>\n<div class=\"ld-empty-space ld_spacer_69e8d3f577d9f\"><span class=\"liquid_empty_space_inner\"><\/span><\/div>[\/vc_column_inner][vc_column_inner width=&#8220;1\/2&#8243; css=&#8220;.vc_custom_1615288286040{padding-top: 40px !important;padding-right: 40px !important;padding-bottom: 40px !important;padding-left: 40px !important;background-color: #f4f4f4 !important;}&#8220;][vc_column_text]<\/p>\n<h4><span style=\"color: #383636;\">Ihr besonderer Mehrwert bei uns:<\/span><\/h4>\n<ul>\n<li>Fundierte Kenntnis des Marktes und seiner Besonderheiten im Detail und aus der Praxis f\u00fcr alle Fragen der Unternehmensstrategie, der Wettbewerbsf\u00e4higkeit und der Vermarktung<\/li>\n<li>Hohe Fachkompetenz in den Themenbereichen Strategie-\/Unternehmensentwicklung und Performancesteigerung mit KPI-Prozessen als auch zu allgemeinen Themen der Bauzulieferbranche<\/li>\n<li>Aussch\u00f6pfung von Synergien in Marketing und Vertrieb<\/li>\n<\/ul>\n<p>[\/vc_column_text][\/vc_column_inner][\/vc_row_inner]<\/p>\n<\/div><\/div><\/div>\n[\/vc_column][\/vc_row][vc_row disable_element=&#8220;yes&#8220; css=&#8220;.vc_custom_1677665981388{padding-bottom: 50px !important;background-color: #ffffff !important;}&#8220;][vc_column]<style>.ld_tabs_69e8d3f57862d .tabs-nav > li > a{font-size:16px;font-weight:400;color:rgb(112, 111, 111);}.ld_tabs_69e8d3f57862d .tabs-nav > li.active > a, .ld_tabs_69e8d3f57862d .tabs-nav > li:hover > a{color:#383636;}.ld_tabs_69e8d3f57862d.tabs-nav-active-underlined .tabs-nav > li:after{background:rgb(174, 14, 22);}.ld_tabs_69e8d3f57862d .tabs-nav{border-color:rgb(255, 255, 255);}<\/style><div class=\"tabs tabs-nav-justified tabs-nav-underlined tabs-nav-active-underlined ld_tabs_69e8d3f57862d\" data-plugin-options='{ \"deepLink\": true  }'>\n\t<ul class=\"nav tabs-nav\" role=\"tablist\"><li role=\"presentation\" class=\"h5 active\"><a href=\"#ld-1677665972300-4ee0fc3f-a7e1\" aria-expanded=\"false\" aria-controls=\"ld-1677665972300-4ee0fc3f-a7e1\" role=\"tab\" data-toggle=\"tab\">Sanit\u00e4r, Heizung, Klima<\/a><\/li><li role=\"presentation\" class=\"h5\"><a href=\"#ld-1677665972541-5ae5bd16-8ebd\" aria-expanded=\"false\" aria-controls=\"ld-1677665972541-5ae5bd16-8ebd\" role=\"tab\" data-toggle=\"tab\">Sport<\/a><\/li><li role=\"presentation\" class=\"h5\"><a href=\"#ld-1677665972795-5e13bb1f-612a\" aria-expanded=\"false\" aria-controls=\"ld-1677665972795-5e13bb1f-612a\" role=\"tab\" data-toggle=\"tab\">Medien<\/a><\/li><\/ul>\t<div class=\"tabs-content\"><div id=\"ld-1677665972300-4ee0fc3f-a7e1\" role=\"tabpanel\" class=\"tabs-pane fade active in\"><p>[vc_row_inner content_placement=&#8220;middle&#8220;][vc_column_inner][vc_single_image image=&#8220;159&#8243; img_size=&#8220;full&#8220; css_animation=&#8220;fadeIn&#8220;][\/vc_column_inner][\/vc_row_inner][vc_row_inner equal_height=&#8220;yes&#8220; content_placement=&#8220;top&#8220; gap=&#8220;20&#8243;][vc_column_inner width=&#8220;1\/2&#8243; css=&#8220;.vc_custom_1618481975082{background-color: #ffffff !important;}&#8220;][vc_column_text]<\/p>\n<h2><span style=\"color: #383636;\">Sanit\u00e4r, Heizung, Klima<\/span><\/h2>\n<p>Die Bauzulieferindustrie in Deutschland ist traditionell gepr\u00e4gt durch eine starke Verbindung mit dem verarbeitenden Fachhandwerk. Besonders im Bereich Sanit\u00e4r\/Heizung\/Klima, aber auch in der L\u00fcftungs- und K\u00e4ltetechnik, herrschen 2- und 3-stufige Vertriebsmodelle zumindest im kleinen Leistungsbereich vor. Einen geringen Anteil nimmt der DIY-Bereich ein, einen steigenden Anteil der Online-Handel, speziell im Sanit\u00e4r-Umfeld.[\/vc_column_text]<style>.ld_spacer_69e8d3f578217{height:60px;}<\/style>\n<div class=\"ld-empty-space ld_spacer_69e8d3f578217\"><span class=\"liquid_empty_space_inner\"><\/span><\/div>[\/vc_column_inner][vc_column_inner width=&#8220;1\/2&#8243; css=&#8220;.vc_custom_1615288286040{padding-top: 40px !important;padding-right: 40px !important;padding-bottom: 40px !important;padding-left: 40px !important;background-color: #f4f4f4 !important;}&#8220;][vc_column_text]<\/p>\n<h4><span style=\"color: #383636;\">Ihr besonderer Mehrwert bei uns:<\/span><\/h4>\n<ul>\n<li>Fundierte Kenntnis des Marktes und seiner Besonderheiten im Detail und aus der Praxis f\u00fcr alle Fragen der Unternehmensstrategie, der Wettbewerbsf\u00e4higkeit und der Vermarktung<\/li>\n<li>Hohe Fachkompetenz in den Themenbereichen Strategie-\/Unternehmensentwicklung und Performancesteigerung mit KPI-Prozessen als auch zu allgemeinen Themen der Bauzulieferbranche<\/li>\n<li>Aussch\u00f6pfung von Synergien in Marketing und Vertrieb<\/li>\n<\/ul>\n<p>[\/vc_column_text][\/vc_column_inner][\/vc_row_inner]<\/p>\n<\/div><div id=\"ld-1677665972541-5ae5bd16-8ebd\" role=\"tabpanel\" class=\"tabs-pane fade\"><p>[vc_row_inner content_placement=&#8220;middle&#8220;][vc_column_inner][vc_single_image image=&#8220;617&#8243; img_size=&#8220;full&#8220; css_animation=&#8220;fadeIn&#8220;][\/vc_column_inner][\/vc_row_inner][vc_row_inner equal_height=&#8220;yes&#8220; content_placement=&#8220;top&#8220; gap=&#8220;20&#8243;][vc_column_inner width=&#8220;1\/2&#8243; css=&#8220;.vc_custom_1618481975082{background-color: #ffffff !important;}&#8220;][vc_column_text]<\/p>\n<h2><span style=\"color: #383636;\">Sport<\/span><\/h2>\n<p>Die Sportindustrie gewinnt in Zeiten einer Experience Economy und steigenden K\u00f6rperbewusstseins in der Gesellschaft immer mehr an Dynamik. Das Angebot nimmt rasant zu, Produkte verschmelzen mit Dienstleistungen und sogar mit den Vertriebs- bzw. Marketingkan\u00e4len \u2013 Social Media und digitale Touchpoints zeigen, ich welche Richtung es geht. Marketing und Vertrieb m\u00fcssen sich deshalb umso st\u00e4rker auf einen integrierten Ansatz konzentrieren, wenn sie in der digitalen \u00c4ra leistungsf\u00e4hig bleiben wollen.[\/vc_column_text]<style>.ld_spacer_69e8d3f5783f0{height:60px;}<\/style>\n<div class=\"ld-empty-space ld_spacer_69e8d3f5783f0\"><span class=\"liquid_empty_space_inner\"><\/span><\/div>[\/vc_column_inner][vc_column_inner width=&#8220;1\/2&#8243; css=&#8220;.vc_custom_1615288286040{padding-top: 40px !important;padding-right: 40px !important;padding-bottom: 40px !important;padding-left: 40px !important;background-color: #f4f4f4 !important;}&#8220;][vc_column_text]<\/p>\n<h4><span style=\"color: #383636;\">Ihr besonderer Mehrwert bei uns:<\/span><\/h4>\n<ul>\n<li>Spezialisierung auf den integrierten Ansatz und die Entwicklung von Brands und Customer Experiences, die end-to-end funktionieren und mit Omnichannel-Ausrichtung die physische Welt des Sports mit der digitalen verkn\u00fcpfen<\/li>\n<li>Hohe Fachkompetenz in den Themenbereichen Strategie-\/Unternehmensentwicklung und Performancesteigerung mit KPI-Prozessen<\/li>\n<li>Neutrale Perspektive ohne Bindung an Dienstleister\/Agenturen<\/li>\n<\/ul>\n<p>[\/vc_column_text][\/vc_column_inner][\/vc_row_inner]<\/p>\n<\/div><div id=\"ld-1677665972795-5e13bb1f-612a\" role=\"tabpanel\" class=\"tabs-pane fade\"><p>[vc_row_inner content_placement=&#8220;middle&#8220;][vc_column_inner][vc_single_image image=&#8220;615&#8243; img_size=&#8220;full&#8220; css_animation=&#8220;fadeIn&#8220;][\/vc_column_inner][\/vc_row_inner][vc_row_inner equal_height=&#8220;yes&#8220; content_placement=&#8220;top&#8220; gap=&#8220;20&#8243;][vc_column_inner width=&#8220;1\/2&#8243; css=&#8220;.vc_custom_1618481975082{background-color: #ffffff !important;}&#8220;][vc_column_text]<\/p>\n<h2><span style=\"color: #383636;\">Medien<\/span><\/h2>\n<p>Die digitale Transformation trifft die Medienindustrie in besonderem Ma\u00dfe, da ihr Gesch\u00e4ftsmodell auf genau jenen Leistungen beruht, die sich mit zunehmender Digitalisierung so fundamental ver\u00e4ndern. Medienunternehmen m\u00fcssen nicht nur auf eine Ver\u00e4nderung der Vermarktungsbedingungen reagieren, sondern Marketing und Vertrieb komplett neu denken. Hierin liegen gro\u00dfe Herausforderungen, aber auch enorme Chancen, mit einem integrierten Ansatz neue Wachstums- und Performance-Levels zu erreichen.[\/vc_column_text]<style>.ld_spacer_69e8d3f5785a8{height:60px;}<\/style>\n<div class=\"ld-empty-space ld_spacer_69e8d3f5785a8\"><span class=\"liquid_empty_space_inner\"><\/span><\/div>[\/vc_column_inner][vc_column_inner width=&#8220;1\/2&#8243; css=&#8220;.vc_custom_1615288286040{padding-top: 40px !important;padding-right: 40px !important;padding-bottom: 40px !important;padding-left: 40px !important;background-color: #f4f4f4 !important;}&#8220;][vc_column_text]<\/p>\n<h4><span style=\"color: #383636;\">Ihr besonderer Mehrwert bei uns:<\/span><\/h4>\n<ul>\n<li>Fundierte Kenntnis des Medienmarktes in Verbindung mit Vermarktungsexpertise<\/li>\n<li>Hohe Fachkompetenz in den Themenbereichen Strategie-\/Unternehmensentwicklung und Performancesteigerung mit KPI-Prozessen<\/li>\n<li>Neutrale Perspektive ohne Bindung an Dienstleister\/Agenturen<\/li>\n<\/ul>\n<p>[\/vc_column_text][\/vc_column_inner][\/vc_row_inner]<\/p>\n<\/div><\/div><\/div>\n[\/vc_column][\/vc_row]<\/p>\n<\/div>","protected":false},"excerpt":{"rendered":"<p>[vc_row css=&#8220;.vc_custom_1613576156710{padding-bottom: 50px !important;background-color: #ffffff !important;}&#8220;][vc_column][\/vc_column][\/vc_row][vc_row disable_element=&#8220;yes&#8220; css=&#8220;.vc_custom_1677665981388{padding-bottom: 50px !important;background-color: #ffffff !important;}&#8220;][vc_column][\/vc_column][\/vc_row]<\/p>\n","protected":false},"author":1,"featured_media":0,"parent":0,"menu_order":0,"comment_status":"closed","ping_status":"closed","template":"","meta":{"footnotes":""},"class_list":["post-578","page","type-page","status-publish","hentry"],"aioseo_notices":[],"_links":{"self":[{"href":"https:\/\/kpi-consult-staudinger.com\/de\/wp-json\/wp\/v2\/pages\/578","targetHints":{"allow":["GET"]}}],"collection":[{"href":"https:\/\/kpi-consult-staudinger.com\/de\/wp-json\/wp\/v2\/pages"}],"about":[{"href":"https:\/\/kpi-consult-staudinger.com\/de\/wp-json\/wp\/v2\/types\/page"}],"author":[{"embeddable":true,"href":"https:\/\/kpi-consult-staudinger.com\/de\/wp-json\/wp\/v2\/users\/1"}],"replies":[{"embeddable":true,"href":"https:\/\/kpi-consult-staudinger.com\/de\/wp-json\/wp\/v2\/comments?post=578"}],"version-history":[{"count":14,"href":"https:\/\/kpi-consult-staudinger.com\/de\/wp-json\/wp\/v2\/pages\/578\/revisions"}],"predecessor-version":[{"id":911,"href":"https:\/\/kpi-consult-staudinger.com\/de\/wp-json\/wp\/v2\/pages\/578\/revisions\/911"}],"wp:attachment":[{"href":"https:\/\/kpi-consult-staudinger.com\/de\/wp-json\/wp\/v2\/media?parent=578"}],"curies":[{"name":"wp","href":"https:\/\/api.w.org\/{rel}","templated":true}]}}