{"id":321,"date":"2021-02-17T15:00:25","date_gmt":"2021-02-17T14:00:25","guid":{"rendered":"https:\/\/kpi-consult-staudinger.com\/?page_id=321"},"modified":"2026-05-02T11:34:57","modified_gmt":"2026-05-02T09:34:57","slug":"startseite","status":"publish","type":"page","link":"https:\/\/kpi-consult-staudinger.com\/de\/","title":{"rendered":"Managementberatung Sales &#038; Marketing | KPI Consult Staudinger"},"content":{"rendered":"<div class=\"wpb-content-wrapper\"><p>[vc_row css=&#8220;.vc_custom_1620127145346{padding-bottom: 100px !important;background-color: #ffffff !important;}&#8220;][vc_column][vc_row_inner][vc_column_inner width=&#8220;5\/6&#8243; offset=&#8220;vc_hidden-xs&#8220;]<style>.ld_spacer_6a04611436823{height:60px;}<\/style>\n<div class=\"ld-empty-space ld_spacer_6a04611436823\"><span class=\"liquid_empty_space_inner\"><\/span><\/div>[vc_custom_heading text=&#8220;Wir sind eine spezialisierte Managementberatung f\u00fcr Vertrieb und Marketing in der Geb\u00e4udetechnik-Branche.&#8220; font_container=&#8220;tag:h2|font_size:50px|text_align:left|color:%23383636|line_height:64px&#8220; css_animation=&#8220;fadeInUp&#8220; css=&#8220;&#8220; el_class=&#8220;intro&#8220;]<style>.ld_spacer_6a04611436943{height:60px;}<\/style>\n<div class=\"ld-empty-space ld_spacer_6a04611436943\"><span class=\"liquid_empty_space_inner\"><\/span><\/div>[\/vc_column_inner][vc_column_inner width=&#8220;1\/6&#8243;][\/vc_column_inner][\/vc_row_inner][vc_row_inner][vc_column_inner offset=&#8220;vc_hidden-lg vc_hidden-md vc_hidden-sm&#8220;]<style>.ld_spacer_6a046114369c5{height:10px;}<\/style>\n<div class=\"ld-empty-space ld_spacer_6a046114369c5\"><span class=\"liquid_empty_space_inner\"><\/span><\/div>[vc_custom_heading text=&#8220;Wir sind eine spezialisierte Management-beratung f\u00fcr Marketing und Sales Performance.&#8220; font_container=&#8220;tag:h2|font_size:38px|text_align:left|color:%23383636|line_height:54px&#8220; css_animation=&#8220;fadeInUp&#8220; el_class=&#8220;intro&#8220;]<style>.ld_spacer_6a04611436a5d{height:20px;}<\/style>\n<div class=\"ld-empty-space ld_spacer_6a04611436a5d\"><span class=\"liquid_empty_space_inner\"><\/span><\/div>[\/vc_column_inner][\/vc_row_inner][vc_row_inner enable_content_animation=&#8220;yes&#8220; content_placement=&#8220;middle&#8220; animation_preset=&#8220;Fade In Up&#8220;][vc_column_inner width=&#8220;1\/2&#8243;][vc_single_image image=&#8220;643&#8243; img_size=&#8220;full&#8220;][\/vc_column_inner][vc_column_inner width=&#8220;1\/2&#8243;][vc_column_text]<\/p>\n<h2><span style=\"color: #383636;\">Strategieberatung<\/span><\/h2>\n<p>Wir helfen Ihnen, Ihren Unternehmenserfolg zu steigern \u2013 mit Top-Level-Expertise f\u00fcr die konsequente Integration von Brand, Content, User Experience und Vertrieb.[\/vc_column_text]<style>.ld_spacer_6a04611436acd{height:40px;}<\/style>\n<div class=\"ld-empty-space ld_spacer_6a04611436acd\"><span class=\"liquid_empty_space_inner\"><\/span><\/div>[vc_btn title=&#8220;Mehr \u2026&#8220; style=&#8220;flat&#8220; shape=&#8220;round&#8220; link=&#8220;url:https%3A%2F%2Fkpi-consult-staudinger.com%2Fde%2Fleistungen%2F|title:Leistungen&#8220;]<style>.ld_spacer_6a04611436b34{height:40px;}<\/style>\n<div class=\"ld-empty-space ld_spacer_6a04611436b34\"><span class=\"liquid_empty_space_inner\"><\/span><\/div>[\/vc_column_inner][\/vc_row_inner][vc_row_inner enable_content_animation=&#8220;yes&#8220; rtl_reverse=&#8220;yes&#8220; content_placement=&#8220;middle&#8220; animation_preset=&#8220;Fade In Up&#8220;][vc_column_inner width=&#8220;1\/2&#8243; responsive_align=&#8220;text-lg-right text-md-right text-sm-left text-xs-left&#8220; offset=&#8220;vc_hidden-xs&#8220;][vc_column_text]<\/p>\n<h2><span style=\"color: #383636;\">Organisationsberatung<\/span><\/h2>\n<p>Marketing und Vertrieb ver\u00e4ndern sich heute im Zeitraffer \u2013 wir zeigen Ihnen, wie Sie Ihr Setup zukunftsf\u00e4hig machen und zugleich gezielt Leistungspotenziale heben.[\/vc_column_text]<style>.ld_spacer_6a04611436b96{height:40px;}<\/style>\n<div class=\"ld-empty-space ld_spacer_6a04611436b96\"><span class=\"liquid_empty_space_inner\"><\/span><\/div>[vc_btn title=&#8220;Mehr \u2026&#8220; style=&#8220;flat&#8220; shape=&#8220;round&#8220; link=&#8220;url:https%3A%2F%2Fkpi-consult-staudinger.com%2Fde%2Fleistungen%2F%23tab-organisationsberatung|title:Leistungen&#8220;]<style>.ld_spacer_6a04611436bf6{height:40px;}<\/style>\n<div class=\"ld-empty-space ld_spacer_6a04611436bf6\"><span class=\"liquid_empty_space_inner\"><\/span><\/div>[\/vc_column_inner][vc_column_inner width=&#8220;1\/2&#8243;][vc_single_image image=&#8220;415&#8243; img_size=&#8220;full&#8220;][\/vc_column_inner][\/vc_row_inner][vc_row_inner enable_content_animation=&#8220;yes&#8220; rtl_reverse=&#8220;yes&#8220; content_placement=&#8220;middle&#8220; animation_preset=&#8220;Fade In Up&#8220;][vc_column_inner width=&#8220;1\/2&#8243; responsive_align=&#8220;text-lg-right text-md-right text-sm-left text-xs-left&#8220; offset=&#8220;vc_hidden-lg vc_hidden-md vc_hidden-sm&#8220;][vc_column_text]<\/p>\n<h2><span style=\"color: #383636;\">Organisationsberatung<\/span><\/h2>\n<p>Marketing und Vertrieb ver\u00e4ndern sich heute im Zeitraffer \u2013 wir zeigen Ihnen, wie Sie Ihr Setup zukunftsf\u00e4hig machen und zugleich gezielt Leistungspotenziale heben.[\/vc_column_text]<style>.ld_spacer_6a04611436c54{height:40px;}<\/style>\n<div class=\"ld-empty-space ld_spacer_6a04611436c54\"><span class=\"liquid_empty_space_inner\"><\/span><\/div>[vc_btn title=&#8220;Mehr \u2026&#8220; style=&#8220;flat&#8220; shape=&#8220;round&#8220; link=&#8220;url:https%3A%2F%2Fkpi-consult-staudinger.com%2Fde%2Fleistungen%2F%23tab-organisationsberatung|title:Leistungen&#8220;]<style>.ld_spacer_6a04611436cb1{height:40px;}<\/style>\n<div class=\"ld-empty-space ld_spacer_6a04611436cb1\"><span class=\"liquid_empty_space_inner\"><\/span><\/div>[\/vc_column_inner][vc_column_inner width=&#8220;1\/2&#8243; offset=&#8220;vc_hidden-lg vc_hidden-md vc_hidden-sm vc_hidden-xs&#8220;][\/vc_column_inner][\/vc_row_inner][vc_row_inner enable_content_animation=&#8220;yes&#8220; content_placement=&#8220;middle&#8220; animation_preset=&#8220;Fade In Up&#8220;][vc_column_inner width=&#8220;1\/2&#8243;][vc_single_image image=&#8220;413&#8243; img_size=&#8220;full&#8220;][\/vc_column_inner][vc_column_inner width=&#8220;1\/2&#8243;][vc_column_text]<\/p>\n<h2><span style=\"color: #383636;\">Prozessberatung<\/span><\/h2>\n<p>Der digital getriebene Geschwindigkeitsdruck erfordert ein \u00dcberdenken aller Prozesse \u2013 wir unterst\u00fctzen Sie dabei, den optimalen Mix aus Agilit\u00e4t, Effizienz und Effektivit\u00e4t zu finden.[\/vc_column_text]<style>.ld_spacer_6a04611436d0d{height:40px;}<\/style>\n<div class=\"ld-empty-space ld_spacer_6a04611436d0d\"><span class=\"liquid_empty_space_inner\"><\/span><\/div>[vc_btn title=&#8220;Mehr \u2026&#8220; style=&#8220;flat&#8220; shape=&#8220;round&#8220; link=&#8220;url:https%3A%2F%2Fkpi-consult-staudinger.com%2Fde%2Fleistungen%2F%23tab-prozessberatung|title:Leistungen&#8220;]<style>.ld_spacer_6a04611436d68{height:40px;}<\/style>\n<div class=\"ld-empty-space ld_spacer_6a04611436d68\"><span class=\"liquid_empty_space_inner\"><\/span><\/div>[\/vc_column_inner][\/vc_row_inner][vc_row_inner enable_content_animation=&#8220;yes&#8220; rtl_reverse=&#8220;yes&#8220; content_placement=&#8220;middle&#8220; animation_preset=&#8220;Fade In Up&#8220;][vc_column_inner width=&#8220;1\/2&#8243; responsive_align=&#8220;text-lg-right text-md-right text-sm-left text-xs-left&#8220; offset=&#8220;vc_hidden-xs&#8220;][vc_column_text]<\/p>\n<h2><span style=\"color: #383636;\">KPI-Beratung<\/span><\/h2>\n<p>F\u00fcr die Erreichung Ihrer Ziele m\u00fcssen Sie diese systematisieren \u2013 wir entwickeln f\u00fcr Sie KPI-Systeme, die f\u00fcr maximale Zielorientierung sorgen und Erfolge sichtbar machen.[\/vc_column_text]<style>.ld_spacer_6a04611436dc3{height:40px;}<\/style>\n<div class=\"ld-empty-space ld_spacer_6a04611436dc3\"><span class=\"liquid_empty_space_inner\"><\/span><\/div>[vc_btn title=&#8220;Mehr \u2026&#8220; style=&#8220;flat&#8220; shape=&#8220;round&#8220; link=&#8220;url:https%3A%2F%2Fkpi-consult-staudinger.com%2Fde%2Fleistungen%2F%23tab-kpi-beratung|title:Leistungen&#8220;]<style>.ld_spacer_6a04611436e1c{height:40px;}<\/style>\n<div class=\"ld-empty-space ld_spacer_6a04611436e1c\"><span class=\"liquid_empty_space_inner\"><\/span><\/div>[\/vc_column_inner][vc_column_inner width=&#8220;1\/2&#8243;][vc_single_image image=&#8220;417&#8243; img_size=&#8220;full&#8220;][\/vc_column_inner][\/vc_row_inner][vc_row_inner enable_content_animation=&#8220;yes&#8220; rtl_reverse=&#8220;yes&#8220; content_placement=&#8220;middle&#8220; animation_preset=&#8220;Fade In Up&#8220;][vc_column_inner width=&#8220;1\/2&#8243; responsive_align=&#8220;text-lg-right text-md-right text-sm-left text-xs-left&#8220; offset=&#8220;vc_hidden-lg vc_hidden-md vc_hidden-sm&#8220;][vc_column_text]<\/p>\n<h2><span style=\"color: #383636;\">KPI-Beratung<\/span><\/h2>\n<p>F\u00fcr die Erreichung Ihrer Ziele m\u00fcssen Sie diese systematisieren \u2013 wir entwickeln f\u00fcr Sie KPI-Systeme, die f\u00fcr maximale Zielorientierung sorgen und Erfolge sichtbar machen.[\/vc_column_text]<style>.ld_spacer_6a04611436e75{height:40px;}<\/style>\n<div class=\"ld-empty-space ld_spacer_6a04611436e75\"><span class=\"liquid_empty_space_inner\"><\/span><\/div>[vc_btn title=&#8220;Mehr \u2026&#8220; style=&#8220;flat&#8220; shape=&#8220;round&#8220; link=&#8220;url:https%3A%2F%2Fkpi-consult-staudinger.com%2Fde%2Fleistungen%2F%23tab-kpi-beratung|title:Leistungen&#8220;]<style>.ld_spacer_6a04611436ecc{height:40px;}<\/style>\n<div class=\"ld-empty-space ld_spacer_6a04611436ecc\"><span class=\"liquid_empty_space_inner\"><\/span><\/div>[\/vc_column_inner][vc_column_inner width=&#8220;1\/2&#8243; offset=&#8220;vc_hidden-lg vc_hidden-md vc_hidden-sm vc_hidden-xs&#8220;][\/vc_column_inner][\/vc_row_inner][\/vc_column][\/vc_row][vc_row parallax=&#8220;enable_parallax&#8220; bg_position=&#8220;center top&#8220; css=&#8220;.vc_custom_1618913772901{padding-top: 50vh !important;background-image: url(https:\/\/kpi-consult-staudinger.com\/wp-content\/uploads\/2021\/04\/kpi-consult-staudinger-portrait-startseite-1.jpg?id=466) !important;background-position: center;background-repeat: no-repeat !important;background-size: cover !important;}&#8220; responsive_css=&#8220;padding_top_large:75vh|padding_top_medium:70vh|padding_top_small:60vh&#8220;][vc_column][\/vc_column][\/vc_row][vc_row gap=&#8220;35&#8243; css=&#8220;.vc_custom_1619098183833{border-bottom-width: 40px !important;padding-top: 60px !important;background-color: #383636 !important;}&#8220;][vc_column width=&#8220;1\/2&#8243; responsive_css=&#8220;padding_left_large:40px&#8220;][vc_column_text]<\/p>\n<h3><span style=\"color: #ffffff;\">Ulrich Staudinger<\/span><\/h3>\n<p>Diplom-Ingenieur mit langj\u00e4hriger F\u00fchrungserfahrung in international ausgerichteten Konzern- und Familienunternehmen[\/vc_column_text][vc_empty_space height=&#8220;40px&#8220;]<style>.vc_accordion_6a0461143743c .accordion-title{font-size:18px;}.vc_accordion_6a0461143743c .accordion-title a{color:rgb(255, 255, 255);background:rgba(255,255,255,0);}.vc_accordion_6a0461143743c .active .accordion-title a{color:#ae0e16;background:rgb(255, 255, 255);}.vc_accordion_6a0461143743c .accordion-title a, .vc_accordion_6a0461143743c .accordion-item{border-color:#706f6f;}<\/style><div class=\"accordion accordion-md accordion-active-has-fill accordion-active-has-shadow accordion-title-bordered accordion-title-circle vc_accordion_6a0461143743c\" id=\"vc_accordion_6a0461143743c\" role=\"tablist\" aria-multiselectable=\"true\">\n\n\t<div class=\"accordion-item panel  active \">\n\n\t\t<div class=\"accordion-heading\" role=\"tab\" id=\"heading_ld-1576508923795-1fc00c8f-058b1d48-0ac1\">\n\t\t\t<h4 class=\"accordion-title\">\n\t\t\t\t<a class=\"\" data-toggle=\"collapse\" data-parent=\"#vc_accordion_6a0461143743c\" href=\"#ld-1576508923795-1fc00c8f-058b1d48-0ac1\" aria-expanded=\"true\" aria-controls=\"ld-1576508923795-1fc00c8f-058b1d48-0ac1\">\n\t\t\t\t\t\n\t\t\t\t\t\n\t\t\t\t\tQualifikationen\n\t\t\t\t\t\t\t\t\t\t<span class=\"accordion-expander\">\n\t\t\t\t\t\t<i class=\"fa fa-angle-down\"><\/i>\n\t\t\t\t\t\t<i class=\"fa fa-angle-up\"><\/i>\n\t\t\t\t\t<\/span>\n\t\t\t\t\t\n\t\t\t\t<\/a>\n\t\t\t\t\n\t\t\t<\/h4>\n\t\t<\/div>\n\n\t\t<div id=\"ld-1576508923795-1fc00c8f-058b1d48-0ac1\" class=\"accordion-collapse collapse in\" role=\"tabpanel\" aria-labelledby=\"heading_ld-1576508923795-1fc00c8f-058b1d48-0ac1\">\n\t\t\t<div class=\"accordion-content\">\n\t\t\t<p>[vc_row_inner][vc_column_inner]<style>.ld_spacer_6a0461143716c{height:20px;}<\/style>\n<div class=\"ld-empty-space ld_spacer_6a0461143716c\"><span class=\"liquid_empty_space_inner\"><\/span><\/div>[\/vc_column_inner][\/vc_row_inner][vc_row_inner equal_height=&#8220;yes&#8220; content_placement=&#8220;middle&#8220;][vc_column_inner width=&#8220;1\/2&#8243; align=&#8220;text-center&#8220; offset=&#8220;vc_col-lg-6 vc_col-md-6 vc_col-xs-6&#8243;][vc_single_image image=&#8220;409&#8243; img_size=&#8220;medium&#8220; alignment=&#8220;center&#8220;][\/vc_column_inner][vc_column_inner width=&#8220;1\/2&#8243; align=&#8220;text-center&#8220; offset=&#8220;vc_col-lg-6 vc_col-md-6 vc_col-xs-6&#8243;][vc_column_text]<\/p>\n<p style=\"text-align: left;\">CEO<\/p>\n<p>[\/vc_column_text]<style>.ld_spacer_6a046114371fb{height:30px;}<\/style>\n<div class=\"ld-empty-space ld_spacer_6a046114371fb\"><span class=\"liquid_empty_space_inner\"><\/span><\/div>[\/vc_column_inner][\/vc_row_inner][vc_row_inner equal_height=&#8220;yes&#8220; content_placement=&#8220;middle&#8220;][vc_column_inner width=&#8220;1\/2&#8243; align=&#8220;text-center&#8220; offset=&#8220;vc_col-lg-6 vc_col-md-6 vc_col-xs-6&#8243;][vc_single_image image=&#8220;435&#8243; img_size=&#8220;medium&#8220; alignment=&#8220;center&#8220;][\/vc_column_inner][vc_column_inner width=&#8220;1\/2&#8243; align=&#8220;text-center&#8220; offset=&#8220;vc_col-lg-6 vc_col-md-6 vc_col-xs-6&#8243;][vc_column_text]<\/p>\n<p style=\"text-align: left;\">CEO<\/p>\n<p>[\/vc_column_text]<style>.ld_spacer_6a04611437261{height:30px;}<\/style>\n<div class=\"ld-empty-space ld_spacer_6a04611437261\"><span class=\"liquid_empty_space_inner\"><\/span><\/div>[\/vc_column_inner][\/vc_row_inner][vc_row_inner equal_height=&#8220;yes&#8220; content_placement=&#8220;middle&#8220;][vc_column_inner width=&#8220;1\/2&#8243; align=&#8220;text-center&#8220; offset=&#8220;vc_col-lg-6 vc_col-md-6 vc_col-xs-6&#8243;][vc_single_image image=&#8220;433&#8243; img_size=&#8220;medium&#8220; alignment=&#8220;center&#8220;][\/vc_column_inner][vc_column_inner width=&#8220;1\/2&#8243; align=&#8220;text-center&#8220; offset=&#8220;vc_col-lg-6 vc_col-md-6 vc_col-xs-6&#8243;][vc_column_text]<\/p>\n<p style=\"text-align: left;\">CEO<\/p>\n<p>[\/vc_column_text]<style>.ld_spacer_6a046114372bd{height:30px;}<\/style>\n<div class=\"ld-empty-space ld_spacer_6a046114372bd\"><span class=\"liquid_empty_space_inner\"><\/span><\/div>[\/vc_column_inner][\/vc_row_inner][vc_row_inner equal_height=&#8220;yes&#8220; content_placement=&#8220;middle&#8220;][vc_column_inner width=&#8220;1\/2&#8243; align=&#8220;text-center&#8220; offset=&#8220;vc_col-lg-6 vc_col-md-6 vc_col-xs-6&#8243;][vc_single_image image=&#8220;431&#8243; img_size=&#8220;medium&#8220; alignment=&#8220;center&#8220;][\/vc_column_inner][vc_column_inner width=&#8220;1\/2&#8243; align=&#8220;text-center&#8220; offset=&#8220;vc_col-lg-6 vc_col-md-6 vc_col-xs-6&#8243;][vc_column_text]<\/p>\n<p style=\"text-align: left;\">Gesch\u00e4ftsf\u00fchrer Vertrieb Bosch Thermotechnik<\/p>\n<p>[\/vc_column_text]<style>.ld_spacer_6a04611437316{height:30px;}<\/style>\n<div class=\"ld-empty-space ld_spacer_6a04611437316\"><span class=\"liquid_empty_space_inner\"><\/span><\/div>[\/vc_column_inner][\/vc_row_inner][vc_row_inner equal_height=&#8220;yes&#8220; content_placement=&#8220;middle&#8220;][vc_column_inner width=&#8220;1\/2&#8243; align=&#8220;text-center&#8220; offset=&#8220;vc_col-lg-6 vc_col-md-6 vc_col-xs-6&#8243;][vc_single_image image=&#8220;429&#8243; img_size=&#8220;medium&#8220; alignment=&#8220;center&#8220;][\/vc_column_inner][vc_column_inner width=&#8220;1\/2&#8243; align=&#8220;text-center&#8220; offset=&#8220;vc_col-lg-6 vc_col-md-6 vc_col-xs-6&#8243;][vc_column_text]<\/p>\n<p style=\"text-align: left;\">Gesch\u00e4ftsf\u00fchrer Vertrieb Buderus Heiztechnik<\/p>\n<p>[\/vc_column_text]<style>.ld_spacer_6a0461143736b{height:30px;}<\/style>\n<div class=\"ld-empty-space ld_spacer_6a0461143736b\"><span class=\"liquid_empty_space_inner\"><\/span><\/div>[\/vc_column_inner][\/vc_row_inner]<\/p>\n\t\t\t<\/div>\n\t\t<\/div>\n\t<\/div>\n\t<div class=\"accordion-item panel  \">\n\n\t\t<div class=\"accordion-heading\" role=\"tab\" id=\"heading_ld-1576508923784-7da0d3d1-a9d91d48-0ac1\">\n\t\t\t<h4 class=\"accordion-title\">\n\t\t\t\t<a class=\"collapsed\" data-toggle=\"collapse\" data-parent=\"#vc_accordion_6a0461143743c\" href=\"#ld-1576508923784-7da0d3d1-a9d91d48-0ac1\" aria-expanded=\"false\" aria-controls=\"ld-1576508923784-7da0d3d1-a9d91d48-0ac1\">\n\t\t\t\t\t\n\t\t\t\t\t\n\t\t\t\t\tExpertise\n\t\t\t\t\t\t\t\t\t\t<span class=\"accordion-expander\">\n\t\t\t\t\t\t<i class=\"fa fa-angle-down\"><\/i>\n\t\t\t\t\t\t<i class=\"fa fa-angle-up\"><\/i>\n\t\t\t\t\t<\/span>\n\t\t\t\t\t\n\t\t\t\t<\/a>\n\t\t\t\t\n\t\t\t<\/h4>\n\t\t<\/div>\n\n\t\t<div id=\"ld-1576508923784-7da0d3d1-a9d91d48-0ac1\" class=\"accordion-collapse collapse\" role=\"tabpanel\" aria-labelledby=\"heading_ld-1576508923784-7da0d3d1-a9d91d48-0ac1\">\n\t\t\t<div class=\"accordion-content\">\n\t\t\t<p>[vc_column_text]<\/p>\n<ul>\n<li>Schwerpunkterfahrungen in Vertrieb, Handel und Service sowie in der Gesamtf\u00fchrung von Unternehmen und Unternehmensbereichen<\/li>\n<li>Weitreichende Erfahrungen in Change-Management-Prozessen, strategischen Repositionierungen und kundenorientierten Ablaufoptimierungen<\/li>\n<li>Erfolgreich in der Entwicklung schlagkr\u00e4ftiger Teams durch zielorientierte Mitarbeiterf\u00fchrung und Delegation von Verantwortung<\/li>\n<li>Experte in KPI-Unternehmensentwicklung<\/li>\n<li>Transparenter Kommunikator und Motivator mit strategischer Expertise und \u201ehands-on\u201d Mentalit\u00e4t in der Umsetzung von Zielen<\/li>\n<li>Qualifizierter Begleiter bei der Suche, Anbahnung und Umsetzung von Kooperationen<\/li>\n<\/ul>\n<p>[\/vc_column_text]<\/p>\n\t\t\t<\/div>\n\t\t<\/div>\n\t<\/div>\n<\/div>[vc_empty_space height=&#8220;40px&#8220;][\/vc_column][vc_column width=&#8220;1\/2&#8243; responsive_css=&#8220;padding_right_large:40px&#8220;][vc_column_text]<\/p>\n<h3><span style=\"color: #ffffff;\">Jan Staudinger<\/span><\/h3>\n<p>Marketing Consultant (M.A.) mit mehrj\u00e4hriger Erfahrung in international ausgerichteten Top-Agenturen[\/vc_column_text][vc_empty_space height=&#8220;40px&#8220;]<style>.vc_accordion_6a0461143792b .accordion-title{font-size:18px;}.vc_accordion_6a0461143792b .accordion-title a{color:rgb(255, 255, 255);background:rgba(255,255,255,0);}.vc_accordion_6a0461143792b .active .accordion-title a{color:#ae0e16;background:rgb(255, 255, 255);}.vc_accordion_6a0461143792b .accordion-title a, .vc_accordion_6a0461143792b .accordion-item{border-color:#706f6f;}<\/style><div class=\"accordion accordion-md accordion-active-has-fill accordion-active-has-shadow accordion-title-bordered accordion-title-circle vc_accordion_6a0461143792b\" id=\"vc_accordion_6a0461143792b\" role=\"tablist\" aria-multiselectable=\"true\">\n\n\t<div class=\"accordion-item panel  active \">\n\n\t\t<div class=\"accordion-heading\" role=\"tab\" id=\"heading_1576507644741-430aa8ba-4ecd1d48-0ac1\">\n\t\t\t<h4 class=\"accordion-title\">\n\t\t\t\t<a class=\"\" data-toggle=\"collapse\" data-parent=\"#vc_accordion_6a0461143792b\" href=\"#1576507644741-430aa8ba-4ecd1d48-0ac1\" aria-expanded=\"true\" aria-controls=\"1576507644741-430aa8ba-4ecd1d48-0ac1\">\n\t\t\t\t\t\n\t\t\t\t\t\n\t\t\t\t\tQualifikationen\n\t\t\t\t\t\t\t\t\t\t<span class=\"accordion-expander\">\n\t\t\t\t\t\t<i class=\"fa fa-angle-down\"><\/i>\n\t\t\t\t\t\t<i class=\"fa fa-angle-up\"><\/i>\n\t\t\t\t\t<\/span>\n\t\t\t\t\t\n\t\t\t\t<\/a>\n\t\t\t\t\n\t\t\t<\/h4>\n\t\t<\/div>\n\n\t\t<div id=\"1576507644741-430aa8ba-4ecd1d48-0ac1\" class=\"accordion-collapse collapse in\" role=\"tabpanel\" aria-labelledby=\"heading_1576507644741-430aa8ba-4ecd1d48-0ac1\">\n\t\t\t<div class=\"accordion-content\">\n\t\t\t<p>[vc_row_inner][vc_column_inner]<style>.ld_spacer_6a046114376d5{height:20px;}<\/style>\n<div class=\"ld-empty-space ld_spacer_6a046114376d5\"><span class=\"liquid_empty_space_inner\"><\/span><\/div>[\/vc_column_inner][\/vc_row_inner][vc_row_inner equal_height=&#8220;yes&#8220; content_placement=&#8220;middle&#8220;][vc_column_inner width=&#8220;1\/2&#8243; align=&#8220;text-center&#8220; offset=&#8220;vc_col-lg-6 vc_col-md-6 vc_col-xs-6&#8243;][vc_single_image image=&#8220;409&#8243; img_size=&#8220;medium&#8220; alignment=&#8220;center&#8220;][\/vc_column_inner][vc_column_inner width=&#8220;1\/2&#8243; align=&#8220;text-center&#8220; offset=&#8220;vc_col-lg-6 vc_col-md-6 vc_col-xs-6&#8243;][vc_column_text]<\/p>\n<p style=\"text-align: left;\">Gesch\u00e4ftsf\u00fchrer<\/p>\n<p>[\/vc_column_text]<style>.ld_spacer_6a0461143775b{height:30px;}<\/style>\n<div class=\"ld-empty-space ld_spacer_6a0461143775b\"><span class=\"liquid_empty_space_inner\"><\/span><\/div>[\/vc_column_inner][\/vc_row_inner][vc_row_inner equal_height=&#8220;yes&#8220; content_placement=&#8220;middle&#8220;][vc_column_inner width=&#8220;1\/2&#8243; align=&#8220;text-center&#8220; offset=&#8220;vc_col-lg-6 vc_col-md-6 vc_col-xs-6&#8243;][vc_single_image image=&#8220;405&#8243; img_size=&#8220;medium&#8220; alignment=&#8220;center&#8220;][\/vc_column_inner][vc_column_inner width=&#8220;1\/2&#8243; align=&#8220;text-center&#8220; offset=&#8220;vc_col-lg-6 vc_col-md-6 vc_col-xs-6&#8243;][vc_column_text]<\/p>\n<p style=\"text-align: left;\">Senior Strategist<\/p>\n<p>[\/vc_column_text]<style>.ld_spacer_6a046114377c0{height:30px;}<\/style>\n<div class=\"ld-empty-space ld_spacer_6a046114377c0\"><span class=\"liquid_empty_space_inner\"><\/span><\/div>[\/vc_column_inner][\/vc_row_inner][vc_row_inner equal_height=&#8220;yes&#8220; content_placement=&#8220;middle&#8220;][vc_column_inner width=&#8220;1\/2&#8243; align=&#8220;text-center&#8220; offset=&#8220;vc_col-lg-6 vc_col-md-6 vc_col-xs-6&#8243;][vc_single_image image=&#8220;399&#8243; img_size=&#8220;medium&#8220; alignment=&#8220;center&#8220;][\/vc_column_inner][vc_column_inner width=&#8220;1\/2&#8243; align=&#8220;text-center&#8220; offset=&#8220;vc_col-lg-6 vc_col-md-6 vc_col-xs-6&#8243;][vc_column_text]<\/p>\n<p style=\"text-align: left;\">Strategist\/Senior Strategist<\/p>\n<p>[\/vc_column_text]<style>.ld_spacer_6a04611437819{height:30px;}<\/style>\n<div class=\"ld-empty-space ld_spacer_6a04611437819\"><span class=\"liquid_empty_space_inner\"><\/span><\/div>[\/vc_column_inner][\/vc_row_inner][vc_row_inner equal_height=&#8220;yes&#8220; content_placement=&#8220;middle&#8220;][vc_column_inner width=&#8220;1\/2&#8243; align=&#8220;text-center&#8220; offset=&#8220;vc_col-lg-6 vc_col-md-6 vc_col-xs-6&#8243;][vc_single_image image=&#8220;401&#8243; img_size=&#8220;medium&#8220; alignment=&#8220;center&#8220;][\/vc_column_inner][vc_column_inner width=&#8220;1\/2&#8243; align=&#8220;text-center&#8220; offset=&#8220;vc_col-lg-6 vc_col-md-6 vc_col-xs-6&#8243;][vc_column_text]<\/p>\n<p style=\"text-align: left;\">Junior Strategic Planner<\/p>\n<p>[\/vc_column_text]<style>.ld_spacer_6a0461143786e{height:30px;}<\/style>\n<div class=\"ld-empty-space ld_spacer_6a0461143786e\"><span class=\"liquid_empty_space_inner\"><\/span><\/div>[\/vc_column_inner][\/vc_row_inner]<\/p>\n\t\t\t<\/div>\n\t\t<\/div>\n\t<\/div>\n\t<div class=\"accordion-item panel  \">\n\n\t\t<div class=\"accordion-heading\" role=\"tab\" id=\"heading_1576507644724-324a7b02-fd0e1d48-0ac1\">\n\t\t\t<h4 class=\"accordion-title\">\n\t\t\t\t<a class=\"collapsed\" data-toggle=\"collapse\" data-parent=\"#vc_accordion_6a0461143792b\" href=\"#1576507644724-324a7b02-fd0e1d48-0ac1\" aria-expanded=\"false\" aria-controls=\"1576507644724-324a7b02-fd0e1d48-0ac1\">\n\t\t\t\t\t\n\t\t\t\t\t\n\t\t\t\t\tExpertise\n\t\t\t\t\t\t\t\t\t\t<span class=\"accordion-expander\">\n\t\t\t\t\t\t<i class=\"fa fa-angle-down\"><\/i>\n\t\t\t\t\t\t<i class=\"fa fa-angle-up\"><\/i>\n\t\t\t\t\t<\/span>\n\t\t\t\t\t\n\t\t\t\t<\/a>\n\t\t\t\t\n\t\t\t<\/h4>\n\t\t<\/div>\n\n\t\t<div id=\"1576507644724-324a7b02-fd0e1d48-0ac1\" class=\"accordion-collapse collapse\" role=\"tabpanel\" aria-labelledby=\"heading_1576507644724-324a7b02-fd0e1d48-0ac1\">\n\t\t\t<div class=\"accordion-content\">\n\t\t\t<p>[vc_column_text]<\/p>\n<ul>\n<li>Schwerpunkterfahrungen in Digital Strategy, Brand Strategy, Content Strategy<\/li>\n<li>Experte f\u00fcr integriertes, holistisches Marketing in der digitalen Welt<\/li>\n<li>Weitreichende Erfahrungen im Corporate Development mit Fokus auf strategischer Positionierung, cross-funktionaler Skillintegration sowie Organisations- und Prozessentwicklung (inkl. Agile Transformation)<\/li>\n<li>Erfolgreicher Projektleiter mit ausgepr\u00e4gten F\u00e4higkeiten in der F\u00fchrung interdisziplin\u00e4rer Teams<\/li>\n<li>Experte f\u00fcr die Entwicklung und Umsetzung hoch-professioneller Pr\u00e4sentationen inklusive Strukturierung und Storylining<\/li>\n<\/ul>\n<p>[\/vc_column_text]<\/p>\n\t\t\t<\/div>\n\t\t<\/div>\n\t<\/div>\n<\/div>[vc_empty_space height=&#8220;40px&#8220;][\/vc_column][\/vc_row]<\/p>\n<\/div>","protected":false},"excerpt":{"rendered":"<p>[vc_row css=&#8220;.vc_custom_1620127145346{padding-bottom: 100px !important;background-color: #ffffff !important;}&#8220;][vc_column][vc_row_inner][vc_column_inner width=&#8220;5\/6&#8243; offset=&#8220;vc_hidden-xs&#8220;][vc_custom_heading text=&#8220;Wir sind eine spezialisierte Managementberatung f\u00fcr Vertrieb&#8230;<\/p>\n","protected":false},"author":1,"featured_media":0,"parent":0,"menu_order":0,"comment_status":"closed","ping_status":"closed","template":"","meta":{"footnotes":""},"class_list":["post-321","page","type-page","status-publish","hentry"],"aioseo_notices":[],"_links":{"self":[{"href":"https:\/\/kpi-consult-staudinger.com\/de\/wp-json\/wp\/v2\/pages\/321","targetHints":{"allow":["GET"]}}],"collection":[{"href":"https:\/\/kpi-consult-staudinger.com\/de\/wp-json\/wp\/v2\/pages"}],"about":[{"href":"https:\/\/kpi-consult-staudinger.com\/de\/wp-json\/wp\/v2\/types\/page"}],"author":[{"embeddable":true,"href":"https:\/\/kpi-consult-staudinger.com\/de\/wp-json\/wp\/v2\/users\/1"}],"replies":[{"embeddable":true,"href":"https:\/\/kpi-consult-staudinger.com\/de\/wp-json\/wp\/v2\/comments?post=321"}],"version-history":[{"count":53,"href":"https:\/\/kpi-consult-staudinger.com\/de\/wp-json\/wp\/v2\/pages\/321\/revisions"}],"predecessor-version":[{"id":934,"href":"https:\/\/kpi-consult-staudinger.com\/de\/wp-json\/wp\/v2\/pages\/321\/revisions\/934"}],"wp:attachment":[{"href":"https:\/\/kpi-consult-staudinger.com\/de\/wp-json\/wp\/v2\/media?parent=321"}],"curies":[{"name":"wp","href":"https:\/\/api.w.org\/{rel}","templated":true}]}}