{"id":143,"date":"2019-12-17T14:41:17","date_gmt":"2019-12-17T13:41:17","guid":{"rendered":"http:\/\/kpi-consult-staudinger.com\/wordpress\/?page_id=143"},"modified":"2021-06-07T14:21:42","modified_gmt":"2021-06-07T12:21:42","slug":"impressum","status":"publish","type":"page","link":"https:\/\/kpi-consult-staudinger.com\/de\/impressum\/","title":{"rendered":"Impressum"},"content":{"rendered":"<div class=\"wpb-content-wrapper\"><p>[vc_row parallax=&#8220;enable_parallax&#8220; bg_position=&#8220;center center&#8220; responsive_css=&#8220;padding_top_large:200px|padding_bottom_large:200px|padding_top_medium:200px|padding_bottom_medium:200px|padding_top_small:150px|padding_bottom_small:150px&#8220; css=&#8220;.vc_custom_1623068499490{padding-top: 100px !important;padding-bottom: 100px !important;background-image: url(https:\/\/kpi-consult-staudinger.com\/wp-content\/uploads\/2019\/12\/parallax-header-managementberatung.jpg?id=87) !important;background-position: center;background-repeat: no-repeat !important;background-size: cover !important;}&#8220;][vc_column][\/vc_column][\/vc_row][vc_row gap=&#8220;35&#8243; css=&#8220;.vc_custom_1576507982433{margin-top: 60px !important;margin-bottom: 40px !important;}&#8220;][vc_column responsive_css=&#8220;padding_right_large:40px&#8220;][vc_column_text]<\/p>\n<h1>Impressum<\/h1>\n<p>[\/vc_column_text][\/vc_column][\/vc_row][vc_row gap=&#8220;35&#8243; css=&#8220;.vc_custom_1576507982433{margin-top: 60px !important;margin-bottom: 40px !important;}&#8220;][vc_column responsive_css=&#8220;padding_right_large:40px&#8220;][vc_column_text]<\/p>\n<h3>Diensteanbieter<\/h3>\n<p>KPI Consult Staudinger GmbH<br \/>\nBurglindenstra\u00dfe 44<br \/>\n65201 Wiesbaden<br \/>\nDeutschland<\/p>\n<h3>Kontaktm\u00f6glichkeiten<\/h3>\n<p>E-Mail-Adresse: info@kpi-consult-staudinger.com<br \/>\nTelefon: +49 611 71694356<\/p>\n<h3>Vertretungsberechtigte<\/h3>\n<p>Vertretungsberechtigt: Ulrich Staudinger (Gesch\u00e4ftsf\u00fchrer), Jan Staudinger (Gesch\u00e4ftsf\u00fchrer)<\/p>\n<h3>Angaben zum Unternehmen<\/h3>\n<p>Umsatzsteuer Identifikationsnummer (USt-ID): DE291361559<\/p>\n<h3>Register und Registernummer<\/h3>\n<p>Handelsregister<br \/>\nGef\u00fchrt bei: Handelsregister Mannheim<br \/>\nNummer: 29244<\/p>\n<h3>Haftungs- und Schutzrechtshinweise<\/h3>\n<p><strong>Links auf fremde Webseiten<\/strong>: Inhalte fremder Webseiten, auf die wir direkt oder indirekt verweisen, liegen au\u00dferhalb unseres Verantwortungsbereiches und machen wir uns nicht zu Eigen. F\u00fcr alle Inhalte und insbesondere f\u00fcr Sch\u00e4den, die aus der Nutzung der in den verlinkten Webseiten aufrufbaren Informationen entstehen, haftet allein der Anbieter der verlinkten Webseiten.<\/p>\n<p><strong>Urheberrechte und Markenrechte<\/strong>: Alle auf dieser Website dargestellten Inhalte, wie Texte, Fotografien, Grafiken, Marken und Warenzeichen sind durch die jeweiligen Schutzrechte (Urheberrechte, Markenrechte) gesch\u00fctzt. Die Verwendung, Vervielf\u00e4ltigung usw. unterliegen unseren Rechten oder den Rechten der jeweiligen Urheber bzw. Rechteverwalter.<\/p>\n<h3>Gestaltung und Umsetzung dieser Website<\/h3>\n<p>Herr Jakob<br \/>\nDesign und Konzeption<br \/>\nherrjakob.de<\/p>\n<h3>Bildnachweise<\/h3>\n<p>Bildquellen und Urheberrechtshinweise:\u00a0Copyright und Lizenzgeber f\u00fcr verwendete Bilder sind unsplash.com und pexels.com[\/vc_column_text][vc_empty_space height=&#8220;40px&#8220;][vc_column_text][\/vc_column_text][\/vc_column][\/vc_row][vc_row gap=&#8220;35&#8243; disable_element=&#8220;yes&#8220; css=&#8220;.vc_custom_1623068154660{margin-top: 60px !important;margin-bottom: 40px !important;}&#8220;][vc_column width=&#8220;1\/2&#8243; responsive_css=&#8220;padding_right_large:40px&#8220;][vc_column_text]<\/p>\n<h5>Inhaltlich Verantwortlicher gem\u00e4\u00df \u00a7 5 TMG:<\/h5>\n<p>KPI Consult Staudinger GmbH<\/p>\n<p>Gesch\u00e4ftsf\u00fchrer:<br \/>\nUlrich Staudinger, Dipl.-Ing.<br \/>\nJan Staudinger, M.A.<\/p>\n<p>Burglindenstr.44<br \/>\n65201 Wiesbaden<\/p>\n<p>Mobil: +49 160 94455577<br \/>\nMail: <a title=\"E-Mail an KPI Consult Staudinger\" href=\"mailto:us@kpi-consult-staudinger.com\">us@kpi-consult-staudinger.com<\/a>[\/vc_column_text][vc_empty_space height=&#8220;40px&#8220;][\/vc_column][vc_column width=&#8220;1\/2&#8243;][vc_column_text]<\/p>\n<h5>Text,\u00a0Gestaltung und Umsetzung<\/h5>\n<p>Elisabeth Staudinger<br \/>\nText und Konzeption<br \/>\n<a href=\"http:\/\/www.elisabethstaudinger.de\/\" target=\"_blank\" rel=\"noopener noreferrer\">elisabethstaudinger.de<\/a><\/p>\n<p>Herr Jakob<br \/>\nDesign und Konzeption<br \/>\n<a href=\"http:\/\/www.herrjakob.de\" target=\"_blank\" rel=\"noopener noreferrer\">herrjakob.de<\/a><\/p>\n<p>Copyright und Lizenzgeber f\u00fcr verwendete Abbildungen ist fotolia.com[\/vc_column_text][\/vc_column][\/vc_row]<\/p>\n<\/div>","protected":false},"excerpt":{"rendered":"<p>[vc_row parallax=&#8220;enable_parallax&#8220; bg_position=&#8220;center center&#8220; responsive_css=&#8220;padding_top_large:200px|padding_bottom_large:200px|padding_top_medium:200px|padding_bottom_medium:200px|padding_top_small:150px|padding_bottom_small:150px&#8220; css=&#8220;.vc_custom_1623068499490{padding-top: 100px !important;padding-bottom: 100px !important;background-image: url(https:\/\/kpi-consult-staudinger.com\/wp-content\/uploads\/2019\/12\/parallax-header-managementberatung.jpg?id=87) !important;background-position: center;background-repeat: no-repeat !important;background-size:&#8230;<\/p>\n","protected":false},"author":1,"featured_media":0,"parent":0,"menu_order":0,"comment_status":"closed","ping_status":"closed","template":"","meta":{"footnotes":""},"class_list":["post-143","page","type-page","status-publish","hentry"],"aioseo_notices":[],"_links":{"self":[{"href":"https:\/\/kpi-consult-staudinger.com\/de\/wp-json\/wp\/v2\/pages\/143","targetHints":{"allow":["GET"]}}],"collection":[{"href":"https:\/\/kpi-consult-staudinger.com\/de\/wp-json\/wp\/v2\/pages"}],"about":[{"href":"https:\/\/kpi-consult-staudinger.com\/de\/wp-json\/wp\/v2\/types\/page"}],"author":[{"embeddable":true,"href":"https:\/\/kpi-consult-staudinger.com\/de\/wp-json\/wp\/v2\/users\/1"}],"replies":[{"embeddable":true,"href":"https:\/\/kpi-consult-staudinger.com\/de\/wp-json\/wp\/v2\/comments?post=143"}],"version-history":[{"count":6,"href":"https:\/\/kpi-consult-staudinger.com\/de\/wp-json\/wp\/v2\/pages\/143\/revisions"}],"predecessor-version":[{"id":723,"href":"https:\/\/kpi-consult-staudinger.com\/de\/wp-json\/wp\/v2\/pages\/143\/revisions\/723"}],"wp:attachment":[{"href":"https:\/\/kpi-consult-staudinger.com\/de\/wp-json\/wp\/v2\/media?parent=143"}],"curies":[{"name":"wp","href":"https:\/\/api.w.org\/{rel}","templated":true}]}}