{"id":125,"date":"2019-12-17T14:24:50","date_gmt":"2019-12-17T13:24:50","guid":{"rendered":"http:\/\/kpi-consult-staudinger.com\/wordpress\/?page_id=125"},"modified":"2024-06-04T11:08:22","modified_gmt":"2024-06-04T09:08:22","slug":"zusammenarbeit","status":"publish","type":"page","link":"https:\/\/kpi-consult-staudinger.com\/de\/zusammenarbeit\/","title":{"rendered":"Zusammenarbeit"},"content":{"rendered":"<div class=\"wpb-content-wrapper\"><p>[vc_row parallax=&#8220;enable_parallax&#8220; bg_position=&#8220;center center&#8220; responsive_css=&#8220;padding_top_large:60vh|padding_top_medium:60vh|padding_top_small:60vh&#8220; css=&#8220;.vc_custom_1717492098186{margin-top: -22px !important;padding-top: 40vh !important;background-image: url(https:\/\/kpi-consult-staudinger.com\/wp-content\/uploads\/2021\/04\/kpi-consult-staudinger-header-zusammenarbeit.jpg?id=469) !important;background-position: center;background-repeat: no-repeat !important;background-size: cover !important;}&#8220;][vc_column][\/vc_column][\/vc_row][vc_row gap=&#8220;35&#8243; css=&#8220;.vc_custom_1576507982433{margin-top: 60px !important;margin-bottom: 40px !important;}&#8220;][vc_column width=&#8220;1\/2&#8243; responsive_css=&#8220;padding_right_large:40px&#8220;][vc_column_text]<\/p>\n<h1>Zusammenarbeit<\/h1>\n<p>[\/vc_column_text][\/vc_column][vc_column width=&#8220;1\/2&#8243; responsive_css=&#8220;padding_left_large:40px&#8220;][\/vc_column][\/vc_row][vc_row gap=&#8220;35&#8243; css=&#8220;.vc_custom_1576507982433{margin-top: 60px !important;margin-bottom: 40px !important;}&#8220;][vc_column width=&#8220;1\/2&#8243; responsive_css=&#8220;padding_right_large:40px&#8220;][vc_column_text]<\/p>\n<h5>Unverbindlicher Erstkontakt<\/h5>\n<p>Beratungsgesch\u00e4ft ist Vertrauenssache! Deshalb ist ein pers\u00f6nliches Erstgespr\u00e4ch absolut notwendig, um eine m\u00f6gliche gemeinsame Basis sowohl thematisch als auch pers\u00f6nlich absch\u00e4tzen zu k\u00f6nnen.<br \/>\nEin Erstgespr\u00e4ch entweder bei Ihnen oder bei KPI Consult Staudinger in Wiesbaden oder an einem anderen passenden Ort ist unverbindlich und kostenfrei.<\/p>\n<p>&nbsp;<\/p>\n<h5>Beratungsgespr\u00e4ch<\/h5>\n<p>Nach Definition des Themas, des Beratungsumfangs und Zeitrahmens (Angebotsbasis) sind Beratungstermine in jeglicher Form m\u00f6glich.<br \/>\nDie Verg\u00fctung der Beratungst\u00e4tigkeit erfolgt \u00fcber Tagess\u00e4tze. Bei mehrt\u00e4gigen Auftr\u00e4gen ist eine Staffelung der Tagess\u00e4tze m\u00f6glich. Reisekosten werden separat in Rechnung gestellt.<\/p>\n<p>&nbsp;<\/p>\n<h5>Vertrauensvolle Zusammenarbeit<\/h5>\n<p>Die Zusammenarbeit zwischen Unternehmern und Unternehmen auf Beratungsbasis erfordert ein hohes gegenseitiges Vertrauen. Auf Unternehmensseite werden interne Strukturen, Probleme, Besonderheiten im Sinne der Aufgabenstellung offengelegt. Sie muss sich darauf verlassen k\u00f6nnen, dass diese Kenntnis absoluter Loyalit\u00e4t und Verschwiegenheit unterliegt. Um die Aufgabenstellung erfolgreich l\u00f6sen zu k\u00f6nnen, besteht auf Beraterseite die Erwartung, dass er in seiner Beratungsaufgabe vom Unternehmen und den Mitarbeitern in vollem Ma\u00dfe unterst\u00fctzt wird.[\/vc_column_text][vc_empty_space height=&#8220;40px&#8220;][\/vc_column][vc_column width=&#8220;1\/2&#8243; responsive_css=&#8220;padding_left_large:40px&#8220;][vc_column_text]<\/p>\n<h5>Verhaltenskodex<\/h5>\n<p>Im Sinne einer offenen, vertrauensvollen Zusammenarbeit verpflichtet sich die KPI Consult Staudinger GmbH folgende Regeln zu achten:<\/p>\n<ol>\n<li>Wir beraten und handeln verantwortlich und so gut wir k\u00f6nnen im Rahmen und Bewusstsein unserer M\u00f6glichkeiten und F\u00e4higkeiten.<\/li>\n<li>Wir vermeiden Interessenskonflikte so weit wie m\u00f6glich. Soweit diese jedoch aus unserer Sicht unvermeidlich sind, weisen wir unseren Kunden darauf hin und suchen gemeinsam eine L\u00f6sung.<\/li>\n<li>Wir behandeln interne Informationen vertraulich.<\/li>\n<li>Wir bewerten Situationen ehrlich und realistisch auf der Basis der zur Verf\u00fcgung stehenden Daten. Sollte aus unserer Sicht keine ausreichende Datenbasis zur Verf\u00fcgung stehen, so weisen wir darauf hin.<\/li>\n<li>Wir verurteilen Bestechlichkeit in jeder Form. Wir sind unbestechlich.<\/li>\n<li>Wir wollen aufrichtiges Feedback in Bezug auf unsere Leistung.<\/li>\n<li>Wir behandeln alle Personen fair, unabh\u00e4ngig von Hautfarbe, Religion, Geschlecht, Behinderung, Alter oder Nationalit\u00e4t.<\/li>\n<li>Wir arbeiten kooperativ im Team sowohl intern als auch mit Kunden.<\/li>\n<li>Wir versuchen, andere nicht durch b\u00f6sartiges Verhalten zu sch\u00e4digen.<\/li>\n<li>Wir helfen uns und anderen, diesen Verhaltenskodex umzusetzen.<\/li>\n<\/ol>\n<p>[\/vc_column_text][vc_empty_space height=&#8220;60px&#8220;][\/vc_column][\/vc_row]<\/p>\n<\/div>","protected":false},"excerpt":{"rendered":"<p>[vc_row parallax=&#8220;enable_parallax&#8220; bg_position=&#8220;center center&#8220; responsive_css=&#8220;padding_top_large:60vh|padding_top_medium:60vh|padding_top_small:60vh&#8220; css=&#8220;.vc_custom_1717492098186{margin-top: -22px !important;padding-top: 40vh !important;background-image: url(https:\/\/kpi-consult-staudinger.com\/wp-content\/uploads\/2021\/04\/kpi-consult-staudinger-header-zusammenarbeit.jpg?id=469) !important;background-position: center;background-repeat: no-repeat !important;background-size:&#8230;<\/p>\n","protected":false},"author":1,"featured_media":0,"parent":0,"menu_order":0,"comment_status":"closed","ping_status":"closed","template":"","meta":{"footnotes":""},"class_list":["post-125","page","type-page","status-publish","hentry"],"aioseo_notices":[],"_links":{"self":[{"href":"https:\/\/kpi-consult-staudinger.com\/de\/wp-json\/wp\/v2\/pages\/125","targetHints":{"allow":["GET"]}}],"collection":[{"href":"https:\/\/kpi-consult-staudinger.com\/de\/wp-json\/wp\/v2\/pages"}],"about":[{"href":"https:\/\/kpi-consult-staudinger.com\/de\/wp-json\/wp\/v2\/types\/page"}],"author":[{"embeddable":true,"href":"https:\/\/kpi-consult-staudinger.com\/de\/wp-json\/wp\/v2\/users\/1"}],"replies":[{"embeddable":true,"href":"https:\/\/kpi-consult-staudinger.com\/de\/wp-json\/wp\/v2\/comments?post=125"}],"version-history":[{"count":9,"href":"https:\/\/kpi-consult-staudinger.com\/de\/wp-json\/wp\/v2\/pages\/125\/revisions"}],"predecessor-version":[{"id":867,"href":"https:\/\/kpi-consult-staudinger.com\/de\/wp-json\/wp\/v2\/pages\/125\/revisions\/867"}],"wp:attachment":[{"href":"https:\/\/kpi-consult-staudinger.com\/de\/wp-json\/wp\/v2\/media?parent=125"}],"curies":[{"name":"wp","href":"https:\/\/api.w.org\/{rel}","templated":true}]}}